{"id":15,"date":"2018-09-25T15:31:08","date_gmt":"2018-09-25T15:31:08","guid":{"rendered":"http:\/\/indivisual3d.de\/?page_id=15"},"modified":"2018-09-25T15:31:08","modified_gmt":"2018-09-25T15:31:08","slug":"kontakt","status":"publish","type":"page","link":"https:\/\/indivisual3d.de\/?page_id=15","title":{"rendered":"KONTAKT"},"content":{"rendered":"\n<p>Anfrage<br\/>\nUm Ihnen ein m\u00f6glichst genaues Angebot erstellen zu k\u00f6nnen, ben\u00f6tige ich eine grobe Projektbeschreibung. Ich setze mich dann gerne unverbindlich mit Ihnen in Verbindung.<\/p>\n\n\n\n<p>Indivisual3D<br\/>\nCarsten Klein<br\/>\nSchrofenweg 1<br\/>\n79868 Feldberg<br\/>\nDeutschland<\/p>\n\n\n\n<p>Mobil: +49 \/ (0)173 \/ 3424085<br\/>\nE-Mail: carsten.klein@indivisual3d.de<\/p>\n","protected":false},"excerpt":{"rendered":"<p>Anfrage Um Ihnen ein m\u00f6glichst genaues Angebot erstellen zu k\u00f6nnen, ben\u00f6tige ich eine grobe Projektbeschreibung. Ich setze mich dann gerne unverbindlich mit Ihnen in Verbindung. Indivisual3D Carsten Klein Schrofenweg 1 79868 Feldberg Deutschland Mobil: +49 \/ (0)173 \/ 3424085 E-Mail: carsten.klein@indivisual3d.de<\/p>\n","protected":false},"author":1,"featured_media":0,"parent":0,"menu_order":0,"comment_status":"closed","ping_status":"closed","template":"","meta":{"ngg_post_thumbnail":0},"_links":{"self":[{"href":"https:\/\/indivisual3d.de\/index.php?rest_route=\/wp\/v2\/pages\/15"}],"collection":[{"href":"https:\/\/indivisual3d.de\/index.php?rest_route=\/wp\/v2\/pages"}],"about":[{"href":"https:\/\/indivisual3d.de\/index.php?rest_route=\/wp\/v2\/types\/page"}],"author":[{"embeddable":true,"href":"https:\/\/indivisual3d.de\/index.php?rest_route=\/wp\/v2\/users\/1"}],"replies":[{"embeddable":true,"href":"https:\/\/indivisual3d.de\/index.php?rest_route=%2Fwp%2Fv2%2Fcomments&post=15"}],"version-history":[{"count":1,"href":"https:\/\/indivisual3d.de\/index.php?rest_route=\/wp\/v2\/pages\/15\/revisions"}],"predecessor-version":[{"id":16,"href":"https:\/\/indivisual3d.de\/index.php?rest_route=\/wp\/v2\/pages\/15\/revisions\/16"}],"wp:attachment":[{"href":"https:\/\/indivisual3d.de\/index.php?rest_route=%2Fwp%2Fv2%2Fmedia&parent=15"}],"curies":[{"name":"wp","href":"https:\/\/api.w.org\/{rel}","templated":true}]}}