{"id":11,"date":"2018-09-25T14:23:36","date_gmt":"2018-09-25T14:23:36","guid":{"rendered":"http:\/\/indivisual3d.de\/?page_id=11"},"modified":"2018-09-25T16:22:09","modified_gmt":"2018-09-25T16:22:09","slug":"impressum","status":"publish","type":"page","link":"https:\/\/indivisual3d.de\/?page_id=11","title":{"rendered":"IMPRESSUM"},"content":{"rendered":"\n<h2 class=\"wp-block-heading\">Indivisual3D<\/h2>\n\n\n\n<p>Carsten Klein<br\/>Schrofenweg 1<br\/>D-79868 Feldberg-B\u00e4rental<\/p>\n\n\n\n<p>Mobil: +49 \/ (0)173 \/ 3424085<br\/>E-Mail:\u00a0<a href=\"mailto:carsten.klein@indivisual3d.de\">carsten.klein@indivisual3d.de<br\/><\/a><\/p>\n\n\n\n<p>Steuer-Nr. 13173\/18006<\/p>\n\n\n\n<h3 class=\"wp-block-heading\">Haftungsausschluss:<\/h3>\n\n\n\n<p>Die Inhalte dieses Informationsangebots im Internet wurden nach bestem Wissen sorgf\u00e4ltig zusammengestellt und gepr\u00fcft. Es wird jedoch keine Gew\u00e4hr \u2013 weder ausdr\u00fccklich noch stillschweigend \u2013 f\u00fcr die Vollst\u00e4ndigkeit, Richtigkeit, Aktualit\u00e4t oder Qualit\u00e4t und die jederzeitige Verf\u00fcgbarkeit der bereit gestellten Informationen \u00fcbernommen. In keinem Fall wird eine Haftung f\u00fcr Sch\u00e4den \u00fcbernommen, die sich aus der Verwendung der abgerufenen Informationen ergeben.<\/p>\n\n\n\n<h3 class=\"wp-block-heading\">Websites dritter Anbieter und Links:<\/h3>\n\n\n\n<p>Dieses Informationsangebot enth\u00e4lt auch Links oder Verweise auf Websites und Angebote Dritter. Diese Links stellen keine Zustimmung zu deren Inhalten durch Indivisual3D bzw. den hierf\u00fcr Verantwortlichen dar. Es wird auch keine Verantwortung f\u00fcr die Verf\u00fcgbarkeit oder den Inhalt solcher Websites \u00fcbernommen und keine Haftung f\u00fcr Sch\u00e4den oder Verletzungen, die aus der Nutzung \u2013 gleich welcher Art \u2013 solcher Inhalte entstehen. Mit den Links zu anderen Websites vermittelt Indivisual3D bzw. den f\u00fcr dieses Internetangebot Verantwortlichen den Nutzern lediglich den Zugang zur Nutzung der Inhalte. F\u00fcr illegale, fehlerhafte oder nicht vollst\u00e4ndige Inhalte und f\u00fcr Sch\u00e4den, die aus der Nutzung entstehen, haftet allein der Anbieter der Seite, auf welche verwiesen wurde.<\/p>\n","protected":false},"excerpt":{"rendered":"<p>Indivisual3D Carsten KleinSchrofenweg 1D-79868 Feldberg-B\u00e4rental Mobil: +49 \/ (0)173 \/ 3424085E-Mail:\u00a0carsten.klein@indivisual3d.de Steuer-Nr. 13173\/18006 Haftungsausschluss: Die Inhalte dieses Informationsangebots im Internet wurden nach bestem Wissen sorgf\u00e4ltig zusammengestellt und gepr\u00fcft. Es wird jedoch keine Gew\u00e4hr \u2013 weder ausdr\u00fccklich noch stillschweigend \u2013 f\u00fcr die Vollst\u00e4ndigkeit, Richtigkeit, Aktualit\u00e4t oder Qualit\u00e4t und die jederzeitige Verf\u00fcgbarkeit der bereit gestellten Informationen \u00fcbernommen. &hellip; <\/p>\n<p class=\"link-more\"><a href=\"https:\/\/indivisual3d.de\/?page_id=11\" class=\"more-link\"><span class=\"screen-reader-text\">&#8222;IMPRESSUM&#8220;<\/span> weiterlesen<\/a><\/p>\n","protected":false},"author":1,"featured_media":0,"parent":0,"menu_order":0,"comment_status":"closed","ping_status":"closed","template":"","meta":{"ngg_post_thumbnail":0},"_links":{"self":[{"href":"https:\/\/indivisual3d.de\/index.php?rest_route=\/wp\/v2\/pages\/11"}],"collection":[{"href":"https:\/\/indivisual3d.de\/index.php?rest_route=\/wp\/v2\/pages"}],"about":[{"href":"https:\/\/indivisual3d.de\/index.php?rest_route=\/wp\/v2\/types\/page"}],"author":[{"embeddable":true,"href":"https:\/\/indivisual3d.de\/index.php?rest_route=\/wp\/v2\/users\/1"}],"replies":[{"embeddable":true,"href":"https:\/\/indivisual3d.de\/index.php?rest_route=%2Fwp%2Fv2%2Fcomments&post=11"}],"version-history":[{"count":3,"href":"https:\/\/indivisual3d.de\/index.php?rest_route=\/wp\/v2\/pages\/11\/revisions"}],"predecessor-version":[{"id":96,"href":"https:\/\/indivisual3d.de\/index.php?rest_route=\/wp\/v2\/pages\/11\/revisions\/96"}],"wp:attachment":[{"href":"https:\/\/indivisual3d.de\/index.php?rest_route=%2Fwp%2Fv2%2Fmedia&parent=11"}],"curies":[{"name":"wp","href":"https:\/\/api.w.org\/{rel}","templated":true}]}}